{"id":2858,"date":"2017-04-07T15:46:39","date_gmt":"2017-04-07T13:46:39","guid":{"rendered":"http:\/\/pxc.tjo.mybluehost.me\/.website_ee8a6215\/?page_id=2858"},"modified":"2021-03-31T12:42:30","modified_gmt":"2021-03-31T10:42:30","slug":"the-orchestral-joik-project","status":"publish","type":"page","link":"https:\/\/vuelie.no\/en\/the-orchestral-joik-project\/","title":{"rendered":"The Orchestral Joik Project"},"content":{"rendered":"<p>The project was first performed during Jazzfest in Trondheim in May 2016 together with the Trondheim Symphony Orchestra.<\/p>\n<p>Later repeated in Bod\u00f8 in August 2016 (Nordland Music Festival and NOSO), in Trondheim February 2017 (Isfit festival and Symfork from the Student Society) and in Troms\u00f8 January 2018 (NOSO and opening of the Northern Lights Festival).<\/p>\n<p>Parts of the project were included in the anniversary performance in connection with Tr\u00e5ante 2017, then with KORK.<\/p>\n<p>Guests \/ soloists: Mari Boine, Marja Mortensson, Anneli Drecker, Ronni Le Tekr\u00f8, Snorre Bjerck, Jonas Knutsson, Anders Bitust\u00f8yl, Grete Daling, Nils-Olav Johansen, Roger Ludvigsen, Hans J\u00f8rgen St\u00f8p, Bodil Ons\u00f8ien and Berit Nordbakken Solset.<\/p>\n<p>Conductors: Anders Eljas, Christian Eggen, Gavin David Lee.<\/p>\n<p>Sound design: Asle Karstad (with TSO and NOSO), David Solheim (with NOSO), Terje Hallan (with Symfork).<\/p>\n<p><a href=\"https:\/\/vuelie.no\/wp-content\/uploads\/2017\/04\/AN-2016-orchestral-joik.jpg\" target=\"_blank\" rel=\"noopener\"><img loading=\"lazy\" decoding=\"async\" class=\"alignnone size-full wp-image-2859\" title=\"AN papirutgaven orchestral joik 600\" src=\"https:\/\/vuelie.no\/wp-content\/uploads\/2017\/04\/AN-papirutgaven-orchestral-joik-600.jpg\" alt=\"\" width=\"600\" height=\"487\" srcset=\"https:\/\/vuelie.no\/wp-content\/uploads\/2017\/04\/AN-papirutgaven-orchestral-joik-600.jpg 600w, https:\/\/vuelie.no\/wp-content\/uploads\/2017\/04\/AN-papirutgaven-orchestral-joik-600-300x243.jpg 300w\" sizes=\"(max-width: 600px) 100vw, 600px\" \/><\/a><\/p>\n<p><iframe loading=\"lazy\" src=\"https:\/\/www.youtube.com\/embed\/nD2Zr_koKII\" width=\"600\" height=\"338\" frameborder=\"0\"><\/iframe><\/p>\n<p><iframe loading=\"lazy\" src=\"https:\/\/www.youtube.com\/embed\/Zud7oP819Jg\" width=\"600\" height=\"338\" frameborder=\"0\" allowfullscreen=\"allowfullscreen\"><\/iframe><br \/>\n<img loading=\"lazy\" decoding=\"async\" class=\"alignnone size-full wp-image-2871\" title=\"OJP_TJF_2016\" src=\"https:\/\/vuelie.no\/wp-content\/uploads\/2017\/04\/OJP_TJF_2016.jpg\" alt=\"\" width=\"600\" height=\"464\" srcset=\"https:\/\/vuelie.no\/wp-content\/uploads\/2017\/04\/OJP_TJF_2016.jpg 600w, https:\/\/vuelie.no\/wp-content\/uploads\/2017\/04\/OJP_TJF_2016-300x232.jpg 300w\" sizes=\"(max-width: 600px) 100vw, 600px\" \/><\/p>\n<p><iframe loading=\"lazy\" src=\"https:\/\/www.youtube.com\/embed\/6tKeOVArugo\" width=\"600\" height=\"338\" frameborder=\"0\" allowfullscreen=\"allowfullscreen\"><\/iframe><\/p>\n<p><a href=\"https:\/\/vuelie.no\/wp-content\/uploads\/2017\/04\/Orchestral-Joik-Tr\u00f8nderavisa.jpg\" target=\"_blank\" rel=\"noopener\"><img loading=\"lazy\" decoding=\"async\" class=\"alignnone size-full wp-image-2877\" title=\"Orchestral Joik Tronderavisa 600\" src=\"https:\/\/vuelie.no\/wp-content\/uploads\/2017\/04\/Orchestral-Joik-Tronderavisa-600.jpg\" alt=\"\" width=\"600\" height=\"600\" srcset=\"https:\/\/vuelie.no\/wp-content\/uploads\/2017\/04\/Orchestral-Joik-Tronderavisa-600.jpg 600w, https:\/\/vuelie.no\/wp-content\/uploads\/2017\/04\/Orchestral-Joik-Tronderavisa-600-300x300.jpg 300w, https:\/\/vuelie.no\/wp-content\/uploads\/2017\/04\/Orchestral-Joik-Tronderavisa-600-100x100.jpg 100w\" sizes=\"(max-width: 600px) 100vw, 600px\" \/><\/a><\/p>\n<p><a href=\"https:\/\/vuelie.no\/wp-content\/uploads\/2018\/01\/Nordlys-hele-2018.jpg\" target=\"_blank\" rel=\"noopener\"><img loading=\"lazy\" decoding=\"async\" class=\"size-large wp-image-2974 alignleft\" src=\"https:\/\/vuelie.no\/wp-content\/uploads\/2017\/04\/Nordlys-top-600-600x617.jpg\" alt=\"\" width=\"600\" height=\"617\" srcset=\"https:\/\/vuelie.no\/wp-content\/uploads\/2017\/04\/Nordlys-top-600.jpg 600w, https:\/\/vuelie.no\/wp-content\/uploads\/2017\/04\/Nordlys-top-600-292x300.jpg 292w\" sizes=\"(max-width: 600px) 100vw, 600px\" \/><\/a><\/p>","protected":false},"excerpt":{"rendered":"<p>Prosjektet ble f\u00f8rste gang framf\u00f8rt under Jazzfest i Trondheim mai 2016 sammen med Trondheim Symfoniorkester. Senere gjentatt i Bod\u00f8 i august 2016 (Nordland Musikkfestuke og NOSO), i Trondheim februar 2017 (Isfit festival og Symfork fra Studentersamfundet) og i Troms\u00f8 januar 2018 (NOSO og \u00e5pning av Nordlysfestivalen). Deler av prosjektet inngikk i jubileumsforestillingen i forbindelse med [&hellip;]<\/p>\n","protected":false},"author":1,"featured_media":0,"parent":0,"menu_order":0,"comment_status":"closed","ping_status":"closed","template":"","meta":{"_et_pb_use_builder":"off","_et_pb_old_content":"Prosjektet ble f\u00f8rste gang framf\u00f8rt under Jazzfest i Trondheim mai 2016 sammen med Trondheim Symfoniorkester.\r\n\r\nSenere gjentatt i Bod\u00f8 i august 2016 (Nordland Musikkfestuke og NOSO), i Trondheim februar 2017 (Isfit festival og Symfork fra Studentersamfundet) og i Troms\u00f8 januar 2018 (NOSO og \u00e5pning av Nordlysfestivalen).\r\n\r\nDeler av prosjektet inngikk i jubileumsforestillingen i forbindelse med Tr\u00e5ante 2017, da med KORK.\r\n\r\nGjester\/solister: Mari Boine, Marja Mortensson, Anneli Drecker, Ronni Le Tekr\u00f8, Snorre Bjerck, Jonas Knutsson, Anders Bitust\u00f8yl, Grete Daling, Nils-Olav Johansen, Roger Ludvigsen, Hans J\u00f8rgen St\u00f8p, Bodil Ons\u00f8ien og Berit Nordbakken Solset.\r\n\r\nDirigenter: Anders Eljas, Christian Eggen, Gavin David Lee.\r\n\r\nLyddesign: Asle Karstad (med TSO og NOSO), David Solheim (med NOSO), Terje Hallan (med Symfork).\r\n\r\n<a href=\"https:\/\/vuelie.no\/wp-content\/uploads\/2017\/04\/AN-2016-orchestral-joik.jpg\" target=\"_blank\" rel=\"noopener\"><img class=\"alignnone size-full wp-image-2859\" title=\"AN papirutgaven orchestral joik 600\" src=\"https:\/\/vuelie.no\/wp-content\/uploads\/2017\/04\/AN-papirutgaven-orchestral-joik-600.jpg\" alt=\"\" width=\"600\" height=\"487\" \/><\/a>\r\n\r\n<iframe src=\"https:\/\/www.youtube.com\/embed\/nD2Zr_koKII\" width=\"600\" height=\"338\" frameborder=\"0\"><\/iframe>\r\n\r\n<iframe src=\"https:\/\/www.youtube.com\/embed\/Zud7oP819Jg\" width=\"600\" height=\"338\" frameborder=\"0\" allowfullscreen=\"allowfullscreen\"><\/iframe>\r\n<img class=\"alignnone size-full wp-image-2871\" title=\"OJP_TJF_2016\" src=\"https:\/\/vuelie.no\/wp-content\/uploads\/2017\/04\/OJP_TJF_2016.jpg\" alt=\"\" width=\"600\" height=\"464\" \/>\r\n\r\n<iframe src=\"https:\/\/www.youtube.com\/embed\/6tKeOVArugo\" width=\"600\" height=\"338\" frameborder=\"0\" allowfullscreen=\"allowfullscreen\"><\/iframe>\r\n\r\n<a href=\"https:\/\/vuelie.no\/wp-content\/uploads\/2017\/04\/Orchestral-Joik-Tr\u00f8nderavisa.jpg\" target=\"_blank\" rel=\"noopener\"><img class=\"alignnone size-full wp-image-2877\" title=\"Orchestral Joik Tronderavisa 600\" src=\"https:\/\/vuelie.no\/wp-content\/uploads\/2017\/04\/Orchestral-Joik-Tronderavisa-600.jpg\" alt=\"\" width=\"600\" height=\"600\" \/><\/a>\r\n\r\n<a href=\"https:\/\/vuelie.no\/wp-content\/uploads\/2018\/01\/Nordlys-hele-2018.jpg\" target=\"_blank\" rel=\"noopener\"><img class=\"size-large wp-image-2974 alignleft\" src=\"https:\/\/vuelie.no\/wp-content\/uploads\/2017\/04\/Nordlys-top-600-600x617.jpg\" alt=\"\" width=\"600\" height=\"617\" \/><\/a>","_et_gb_content_width":"","ngg_post_thumbnail":0,"footnotes":""},"class_list":["post-2858","page","type-page","status-publish","hentry"],"yoast_head":"<!-- This site is optimized with the Yoast SEO plugin v27.5 - https:\/\/yoast.com\/product\/yoast-seo-wordpress\/ -->\n<title>The Orchestral Joik Project - vuelie<\/title>\n<meta name=\"robots\" content=\"index, follow, max-snippet:-1, max-image-preview:large, max-video-preview:-1\" \/>\n<link rel=\"canonical\" href=\"https:\/\/vuelie.no\/en\/the-orchestral-joik-project\/\" \/>\n<meta property=\"og:locale\" content=\"en_US\" \/>\n<meta property=\"og:type\" content=\"article\" \/>\n<meta property=\"og:title\" content=\"The Orchestral Joik Project - vuelie\" \/>\n<meta property=\"og:description\" content=\"Prosjektet ble f\u00f8rste gang framf\u00f8rt under Jazzfest i Trondheim mai 2016 sammen med Trondheim Symfoniorkester. Senere gjentatt i Bod\u00f8 i august 2016 (Nordland Musikkfestuke og NOSO), i Trondheim februar 2017 (Isfit festival og Symfork fra Studentersamfundet) og i Troms\u00f8 januar 2018 (NOSO og \u00e5pning av Nordlysfestivalen). Deler av prosjektet inngikk i jubileumsforestillingen i forbindelse med [&hellip;]\" \/>\n<meta property=\"og:url\" content=\"https:\/\/vuelie.no\/en\/the-orchestral-joik-project\/\" \/>\n<meta property=\"og:site_name\" content=\"vuelie\" \/>\n<meta property=\"article:modified_time\" content=\"2021-03-31T10:42:30+00:00\" \/>\n<meta property=\"og:image\" content=\"https:\/\/vuelie.no\/wp-content\/uploads\/2017\/04\/AN-papirutgaven-orchestral-joik-600.jpg\" \/>\n\t<meta property=\"og:image:width\" content=\"600\" \/>\n\t<meta property=\"og:image:height\" content=\"487\" \/>\n\t<meta property=\"og:image:type\" content=\"image\/jpeg\" \/>\n<meta name=\"twitter:card\" content=\"summary_large_image\" \/>\n<meta name=\"twitter:label1\" content=\"Est. reading time\" \/>\n\t<meta name=\"twitter:data1\" content=\"1 minute\" \/>\n<script type=\"application\/ld+json\" class=\"yoast-schema-graph\">{\"@context\":\"https:\\\/\\\/schema.org\",\"@graph\":[{\"@type\":\"WebPage\",\"@id\":\"https:\\\/\\\/vuelie.no\\\/the-orchestral-joik-project\\\/\",\"url\":\"https:\\\/\\\/vuelie.no\\\/the-orchestral-joik-project\\\/\",\"name\":\"The Orchestral Joik Project - vuelie\",\"isPartOf\":{\"@id\":\"https:\\\/\\\/vuelie.no\\\/en\\\/#website\"},\"primaryImageOfPage\":{\"@id\":\"https:\\\/\\\/vuelie.no\\\/the-orchestral-joik-project\\\/#primaryimage\"},\"image\":{\"@id\":\"https:\\\/\\\/vuelie.no\\\/the-orchestral-joik-project\\\/#primaryimage\"},\"thumbnailUrl\":\"https:\\\/\\\/vuelie.no\\\/wp-content\\\/uploads\\\/2017\\\/04\\\/AN-papirutgaven-orchestral-joik-600.jpg\",\"datePublished\":\"2017-04-07T13:46:39+00:00\",\"dateModified\":\"2021-03-31T10:42:30+00:00\",\"breadcrumb\":{\"@id\":\"https:\\\/\\\/vuelie.no\\\/the-orchestral-joik-project\\\/#breadcrumb\"},\"inLanguage\":\"en-US\",\"potentialAction\":[{\"@type\":\"ReadAction\",\"target\":[\"https:\\\/\\\/vuelie.no\\\/the-orchestral-joik-project\\\/\"]}]},{\"@type\":\"ImageObject\",\"inLanguage\":\"en-US\",\"@id\":\"https:\\\/\\\/vuelie.no\\\/the-orchestral-joik-project\\\/#primaryimage\",\"url\":\"https:\\\/\\\/vuelie.no\\\/wp-content\\\/uploads\\\/2017\\\/04\\\/AN-papirutgaven-orchestral-joik-600.jpg\",\"contentUrl\":\"https:\\\/\\\/vuelie.no\\\/wp-content\\\/uploads\\\/2017\\\/04\\\/AN-papirutgaven-orchestral-joik-600.jpg\"},{\"@type\":\"BreadcrumbList\",\"@id\":\"https:\\\/\\\/vuelie.no\\\/the-orchestral-joik-project\\\/#breadcrumb\",\"itemListElement\":[{\"@type\":\"ListItem\",\"position\":1,\"name\":\"Home\",\"item\":\"https:\\\/\\\/vuelie.no\\\/en\\\/\"},{\"@type\":\"ListItem\",\"position\":2,\"name\":\"The Orchestral Joik Project\"}]},{\"@type\":\"WebSite\",\"@id\":\"https:\\\/\\\/vuelie.no\\\/en\\\/#website\",\"url\":\"https:\\\/\\\/vuelie.no\\\/en\\\/\",\"name\":\"vuelie\",\"description\":\"Vuelie\\\/Frode Fjellheim\",\"potentialAction\":[{\"@type\":\"SearchAction\",\"target\":{\"@type\":\"EntryPoint\",\"urlTemplate\":\"https:\\\/\\\/vuelie.no\\\/en\\\/?s={search_term_string}\"},\"query-input\":{\"@type\":\"PropertyValueSpecification\",\"valueRequired\":true,\"valueName\":\"search_term_string\"}}],\"inLanguage\":\"en-US\"}]}<\/script>\n<!-- \/ Yoast SEO plugin. -->","yoast_head_json":{"title":"The Orchestral Joik Project - vuelie","robots":{"index":"index","follow":"follow","max-snippet":"max-snippet:-1","max-image-preview":"max-image-preview:large","max-video-preview":"max-video-preview:-1"},"canonical":"https:\/\/vuelie.no\/en\/the-orchestral-joik-project\/","og_locale":"en_US","og_type":"article","og_title":"The Orchestral Joik Project - vuelie","og_description":"Prosjektet ble f\u00f8rste gang framf\u00f8rt under Jazzfest i Trondheim mai 2016 sammen med Trondheim Symfoniorkester. Senere gjentatt i Bod\u00f8 i august 2016 (Nordland Musikkfestuke og NOSO), i Trondheim februar 2017 (Isfit festival og Symfork fra Studentersamfundet) og i Troms\u00f8 januar 2018 (NOSO og \u00e5pning av Nordlysfestivalen). Deler av prosjektet inngikk i jubileumsforestillingen i forbindelse med [&hellip;]","og_url":"https:\/\/vuelie.no\/en\/the-orchestral-joik-project\/","og_site_name":"vuelie","article_modified_time":"2021-03-31T10:42:30+00:00","og_image":[{"width":600,"height":487,"url":"https:\/\/vuelie.no\/wp-content\/uploads\/2017\/04\/AN-papirutgaven-orchestral-joik-600.jpg","type":"image\/jpeg"}],"twitter_card":"summary_large_image","twitter_misc":{"Est. reading time":"1 minute"},"schema":{"@context":"https:\/\/schema.org","@graph":[{"@type":"WebPage","@id":"https:\/\/vuelie.no\/the-orchestral-joik-project\/","url":"https:\/\/vuelie.no\/the-orchestral-joik-project\/","name":"The Orchestral Joik Project - vuelie","isPartOf":{"@id":"https:\/\/vuelie.no\/en\/#website"},"primaryImageOfPage":{"@id":"https:\/\/vuelie.no\/the-orchestral-joik-project\/#primaryimage"},"image":{"@id":"https:\/\/vuelie.no\/the-orchestral-joik-project\/#primaryimage"},"thumbnailUrl":"https:\/\/vuelie.no\/wp-content\/uploads\/2017\/04\/AN-papirutgaven-orchestral-joik-600.jpg","datePublished":"2017-04-07T13:46:39+00:00","dateModified":"2021-03-31T10:42:30+00:00","breadcrumb":{"@id":"https:\/\/vuelie.no\/the-orchestral-joik-project\/#breadcrumb"},"inLanguage":"en-US","potentialAction":[{"@type":"ReadAction","target":["https:\/\/vuelie.no\/the-orchestral-joik-project\/"]}]},{"@type":"ImageObject","inLanguage":"en-US","@id":"https:\/\/vuelie.no\/the-orchestral-joik-project\/#primaryimage","url":"https:\/\/vuelie.no\/wp-content\/uploads\/2017\/04\/AN-papirutgaven-orchestral-joik-600.jpg","contentUrl":"https:\/\/vuelie.no\/wp-content\/uploads\/2017\/04\/AN-papirutgaven-orchestral-joik-600.jpg"},{"@type":"BreadcrumbList","@id":"https:\/\/vuelie.no\/the-orchestral-joik-project\/#breadcrumb","itemListElement":[{"@type":"ListItem","position":1,"name":"Home","item":"https:\/\/vuelie.no\/en\/"},{"@type":"ListItem","position":2,"name":"The Orchestral Joik Project"}]},{"@type":"WebSite","@id":"https:\/\/vuelie.no\/en\/#website","url":"https:\/\/vuelie.no\/en\/","name":"vuelie","description":"Vuelie\/Frode Fjellheim","potentialAction":[{"@type":"SearchAction","target":{"@type":"EntryPoint","urlTemplate":"https:\/\/vuelie.no\/en\/?s={search_term_string}"},"query-input":{"@type":"PropertyValueSpecification","valueRequired":true,"valueName":"search_term_string"}}],"inLanguage":"en-US"}]}},"_links":{"self":[{"href":"https:\/\/vuelie.no\/en\/wp-json\/wp\/v2\/pages\/2858","targetHints":{"allow":["GET"]}}],"collection":[{"href":"https:\/\/vuelie.no\/en\/wp-json\/wp\/v2\/pages"}],"about":[{"href":"https:\/\/vuelie.no\/en\/wp-json\/wp\/v2\/types\/page"}],"author":[{"embeddable":true,"href":"https:\/\/vuelie.no\/en\/wp-json\/wp\/v2\/users\/1"}],"replies":[{"embeddable":true,"href":"https:\/\/vuelie.no\/en\/wp-json\/wp\/v2\/comments?post=2858"}],"version-history":[{"count":17,"href":"https:\/\/vuelie.no\/en\/wp-json\/wp\/v2\/pages\/2858\/revisions"}],"predecessor-version":[{"id":3365,"href":"https:\/\/vuelie.no\/en\/wp-json\/wp\/v2\/pages\/2858\/revisions\/3365"}],"wp:attachment":[{"href":"https:\/\/vuelie.no\/en\/wp-json\/wp\/v2\/media?parent=2858"}],"curies":[{"name":"wp","href":"https:\/\/api.w.org\/{rel}","templated":true}]}}