{"id":3950,"date":"2021-12-09T12:53:05","date_gmt":"2021-12-09T11:53:05","guid":{"rendered":"http:\/\/pxc.tjo.mybluehost.me\/.website_ee8a6215\/?page_id=3950"},"modified":"2021-12-09T12:53:06","modified_gmt":"2021-12-09T11:53:06","slug":"gallery","status":"publish","type":"page","link":"https:\/\/vuelie.no\/en\/gallery\/","title":{"rendered":"Gallery"},"content":{"rendered":"<p>Klikk p\u00e5 bildene for \u00e5 laste ned i h\u00f8y oppl\u00f8sning.<\/p>\n<p>Marja Mortensson<\/p>\n<p><a title=\"Marja Mortensson gallery\" href=\"https:\/\/vuelie.no\/en\/?page_id=2783\"><img loading=\"lazy\" decoding=\"async\" class=\"alignnone  wp-image-2785\" title=\"marja_galleri\" src=\"https:\/\/vuelie.no\/wp-content\/uploads\/2017\/03\/marja_galleri.jpg\" alt=\"\" width=\"785\" height=\"157\" srcset=\"https:\/\/vuelie.no\/wp-content\/uploads\/2017\/03\/marja_galleri.jpg 600w, https:\/\/vuelie.no\/wp-content\/uploads\/2017\/03\/marja_galleri-300x60.jpg 300w\" sizes=\"(max-width: 785px) 100vw, 785px\" \/><\/a><\/p>\n<p>Katarina Barruk<br \/>\n<a href=\"https:\/\/vuelie.no\/en\/?page_id=2623\"><img loading=\"lazy\" decoding=\"async\" class=\"alignnone  wp-image-2632\" title=\"katarina_galleri\" src=\"https:\/\/vuelie.no\/wp-content\/uploads\/2011\/02\/katarina_galleri.jpg\" alt=\"\" width=\"765\" height=\"153\" srcset=\"https:\/\/vuelie.no\/wp-content\/uploads\/2011\/02\/katarina_galleri.jpg 600w, https:\/\/vuelie.no\/wp-content\/uploads\/2011\/02\/katarina_galleri-300x60.jpg 300w\" sizes=\"(max-width: 765px) 100vw, 765px\" \/><\/a><\/p>\n<p>B\u00e1rut<br \/>\n<a title=\"B\u00e1rut \u2013 gallery\" href=\"https:\/\/vuelie.no\/en\/?page_id=852\"><img loading=\"lazy\" decoding=\"async\" class=\"alignnone  wp-image-840\" title=\"barut_galleri\" src=\"https:\/\/vuelie.no\/wp-content\/uploads\/2011\/02\/barut_galleri.jpg\" alt=\"\" width=\"755\" height=\"151\" srcset=\"https:\/\/vuelie.no\/wp-content\/uploads\/2011\/02\/barut_galleri.jpg 600w, https:\/\/vuelie.no\/wp-content\/uploads\/2011\/02\/barut_galleri-300x60.jpg 300w\" sizes=\"(max-width: 755px) 100vw, 755px\" \/><\/a><br \/>\nUlla Pirttij\u00e4rvi<br \/>\n<a title=\"Ulla Pirttij\u00e4rvi \u2013 gallery\" href=\"https:\/\/vuelie.no\/en\/?page_id=869\"><img loading=\"lazy\" decoding=\"async\" class=\"alignnone  wp-image-842\" title=\"ulla_galleri\" src=\"https:\/\/vuelie.no\/wp-content\/uploads\/2011\/02\/ulla_galleri.jpg\" alt=\"\" width=\"750\" height=\"150\" srcset=\"https:\/\/vuelie.no\/wp-content\/uploads\/2011\/02\/ulla_galleri.jpg 600w, https:\/\/vuelie.no\/wp-content\/uploads\/2011\/02\/ulla_galleri-300x60.jpg 300w\" sizes=\"(max-width: 750px) 100vw, 750px\" \/><\/a><br \/>\nTransjoik<br \/>\n<a title=\"Transjoik \u2013 galleri\" href=\"https:\/\/vuelie.no\/en\/?page_id=965\"><img loading=\"lazy\" decoding=\"async\" class=\"alignnone  wp-image-849\" title=\"transjoik_galleri\" src=\"https:\/\/vuelie.no\/wp-content\/uploads\/2011\/02\/transjoik_galleri.jpg\" alt=\"\" width=\"780\" height=\"156\" srcset=\"https:\/\/vuelie.no\/wp-content\/uploads\/2011\/02\/transjoik_galleri.jpg 600w, https:\/\/vuelie.no\/wp-content\/uploads\/2011\/02\/transjoik_galleri-300x60.jpg 300w\" sizes=\"(max-width: 780px) 100vw, 780px\" \/><\/a><br \/>\nFrode Fjellheim<br \/>\n<a title=\"Frode Fjellheim \u2013 galleri\" href=\"https:\/\/vuelie.no\/en\/?page_id=967\"><img loading=\"lazy\" decoding=\"async\" class=\"alignnone  wp-image-2890\" title=\"frode_galleri_2\" src=\"https:\/\/vuelie.no\/wp-content\/uploads\/2011\/04\/frode_galleri_2.jpg\" alt=\"\" width=\"770\" height=\"154\" srcset=\"https:\/\/vuelie.no\/wp-content\/uploads\/2011\/04\/frode_galleri_2.jpg 600w, https:\/\/vuelie.no\/wp-content\/uploads\/2011\/04\/frode_galleri_2-300x60.jpg 300w\" sizes=\"(max-width: 770px) 100vw, 770px\" \/><br \/>\n<\/a> Anne Vada<a title=\"Frode Fjellheim \u2013 galleri\" href=\"https:\/\/vuelie.no\/en\/?page_id=2292\"><br \/>\n<img loading=\"lazy\" decoding=\"async\" class=\"alignnone  wp-image-2290\" title=\"anne_galleri\" src=\"https:\/\/vuelie.no\/wp-content\/uploads\/2011\/02\/anne_galleri.jpg\" alt=\"\" width=\"765\" height=\"153\" srcset=\"https:\/\/vuelie.no\/wp-content\/uploads\/2011\/02\/anne_galleri.jpg 600w, https:\/\/vuelie.no\/wp-content\/uploads\/2011\/02\/anne_galleri-300x60.jpg 300w\" sizes=\"(max-width: 765px) 100vw, 765px\" \/><br \/>\n<\/a><\/p>","protected":false},"excerpt":{"rendered":"<p>Klikk p\u00e5 bildene for \u00e5 laste ned i h\u00f8y oppl\u00f8sning. Marja Mortensson Katarina Barruk B\u00e1rut Ulla Pirttij\u00e4rvi Transjoik Frode Fjellheim Anne Vada<\/p>","protected":false},"author":1,"featured_media":0,"parent":0,"menu_order":0,"comment_status":"closed","ping_status":"closed","template":"","meta":{"_et_pb_use_builder":"off","_et_pb_old_content":"","_et_gb_content_width":"","ngg_post_thumbnail":0,"footnotes":""},"class_list":["post-3950","page","type-page","status-publish","hentry"],"yoast_head":"<!-- This site is optimized with the Yoast SEO plugin v27.5 - https:\/\/yoast.com\/product\/yoast-seo-wordpress\/ -->\n<title>Gallery - vuelie<\/title>\n<meta name=\"robots\" content=\"index, follow, max-snippet:-1, max-image-preview:large, max-video-preview:-1\" \/>\n<link rel=\"canonical\" href=\"https:\/\/vuelie.no\/en\/gallery\/\" \/>\n<meta property=\"og:locale\" content=\"en_US\" \/>\n<meta property=\"og:type\" content=\"article\" \/>\n<meta property=\"og:title\" content=\"Gallery - vuelie\" \/>\n<meta property=\"og:description\" content=\"Klikk p\u00e5 bildene for \u00e5 laste ned i h\u00f8y oppl\u00f8sning. Marja Mortensson Katarina Barruk B\u00e1rut Ulla Pirttij\u00e4rvi Transjoik Frode Fjellheim Anne Vada\" \/>\n<meta property=\"og:url\" content=\"https:\/\/vuelie.no\/en\/gallery\/\" \/>\n<meta property=\"og:site_name\" content=\"vuelie\" \/>\n<meta property=\"article:modified_time\" content=\"2021-12-09T11:53:06+00:00\" \/>\n<meta property=\"og:image\" content=\"https:\/\/vuelie.no\/wp-content\/uploads\/2017\/03\/marja_galleri.jpg\" \/>\n\t<meta property=\"og:image:width\" content=\"600\" \/>\n\t<meta property=\"og:image:height\" content=\"120\" \/>\n\t<meta property=\"og:image:type\" content=\"image\/jpeg\" \/>\n<meta name=\"twitter:card\" content=\"summary_large_image\" \/>\n<script type=\"application\/ld+json\" class=\"yoast-schema-graph\">{\"@context\":\"https:\\\/\\\/schema.org\",\"@graph\":[{\"@type\":\"WebPage\",\"@id\":\"https:\\\/\\\/vuelie.no\\\/gallery\\\/\",\"url\":\"https:\\\/\\\/vuelie.no\\\/gallery\\\/\",\"name\":\"Gallery - vuelie\",\"isPartOf\":{\"@id\":\"https:\\\/\\\/vuelie.no\\\/en\\\/#website\"},\"primaryImageOfPage\":{\"@id\":\"https:\\\/\\\/vuelie.no\\\/gallery\\\/#primaryimage\"},\"image\":{\"@id\":\"https:\\\/\\\/vuelie.no\\\/gallery\\\/#primaryimage\"},\"thumbnailUrl\":\"https:\\\/\\\/vuelie.no\\\/wp-content\\\/uploads\\\/2017\\\/03\\\/marja_galleri.jpg\",\"datePublished\":\"2021-12-09T11:53:05+00:00\",\"dateModified\":\"2021-12-09T11:53:06+00:00\",\"breadcrumb\":{\"@id\":\"https:\\\/\\\/vuelie.no\\\/gallery\\\/#breadcrumb\"},\"inLanguage\":\"en-US\",\"potentialAction\":[{\"@type\":\"ReadAction\",\"target\":[\"https:\\\/\\\/vuelie.no\\\/gallery\\\/\"]}]},{\"@type\":\"ImageObject\",\"inLanguage\":\"en-US\",\"@id\":\"https:\\\/\\\/vuelie.no\\\/gallery\\\/#primaryimage\",\"url\":\"https:\\\/\\\/vuelie.no\\\/wp-content\\\/uploads\\\/2017\\\/03\\\/marja_galleri.jpg\",\"contentUrl\":\"https:\\\/\\\/vuelie.no\\\/wp-content\\\/uploads\\\/2017\\\/03\\\/marja_galleri.jpg\"},{\"@type\":\"BreadcrumbList\",\"@id\":\"https:\\\/\\\/vuelie.no\\\/gallery\\\/#breadcrumb\",\"itemListElement\":[{\"@type\":\"ListItem\",\"position\":1,\"name\":\"Home\",\"item\":\"https:\\\/\\\/vuelie.no\\\/en\\\/\"},{\"@type\":\"ListItem\",\"position\":2,\"name\":\"Gallery\"}]},{\"@type\":\"WebSite\",\"@id\":\"https:\\\/\\\/vuelie.no\\\/en\\\/#website\",\"url\":\"https:\\\/\\\/vuelie.no\\\/en\\\/\",\"name\":\"vuelie\",\"description\":\"Vuelie\\\/Frode Fjellheim\",\"potentialAction\":[{\"@type\":\"SearchAction\",\"target\":{\"@type\":\"EntryPoint\",\"urlTemplate\":\"https:\\\/\\\/vuelie.no\\\/en\\\/?s={search_term_string}\"},\"query-input\":{\"@type\":\"PropertyValueSpecification\",\"valueRequired\":true,\"valueName\":\"search_term_string\"}}],\"inLanguage\":\"en-US\"}]}<\/script>\n<!-- \/ Yoast SEO plugin. -->","yoast_head_json":{"title":"Gallery - vuelie","robots":{"index":"index","follow":"follow","max-snippet":"max-snippet:-1","max-image-preview":"max-image-preview:large","max-video-preview":"max-video-preview:-1"},"canonical":"https:\/\/vuelie.no\/en\/gallery\/","og_locale":"en_US","og_type":"article","og_title":"Gallery - vuelie","og_description":"Klikk p\u00e5 bildene for \u00e5 laste ned i h\u00f8y oppl\u00f8sning. Marja Mortensson Katarina Barruk B\u00e1rut Ulla Pirttij\u00e4rvi Transjoik Frode Fjellheim Anne Vada","og_url":"https:\/\/vuelie.no\/en\/gallery\/","og_site_name":"vuelie","article_modified_time":"2021-12-09T11:53:06+00:00","og_image":[{"width":600,"height":120,"url":"https:\/\/vuelie.no\/wp-content\/uploads\/2017\/03\/marja_galleri.jpg","type":"image\/jpeg"}],"twitter_card":"summary_large_image","schema":{"@context":"https:\/\/schema.org","@graph":[{"@type":"WebPage","@id":"https:\/\/vuelie.no\/gallery\/","url":"https:\/\/vuelie.no\/gallery\/","name":"Gallery - vuelie","isPartOf":{"@id":"https:\/\/vuelie.no\/en\/#website"},"primaryImageOfPage":{"@id":"https:\/\/vuelie.no\/gallery\/#primaryimage"},"image":{"@id":"https:\/\/vuelie.no\/gallery\/#primaryimage"},"thumbnailUrl":"https:\/\/vuelie.no\/wp-content\/uploads\/2017\/03\/marja_galleri.jpg","datePublished":"2021-12-09T11:53:05+00:00","dateModified":"2021-12-09T11:53:06+00:00","breadcrumb":{"@id":"https:\/\/vuelie.no\/gallery\/#breadcrumb"},"inLanguage":"en-US","potentialAction":[{"@type":"ReadAction","target":["https:\/\/vuelie.no\/gallery\/"]}]},{"@type":"ImageObject","inLanguage":"en-US","@id":"https:\/\/vuelie.no\/gallery\/#primaryimage","url":"https:\/\/vuelie.no\/wp-content\/uploads\/2017\/03\/marja_galleri.jpg","contentUrl":"https:\/\/vuelie.no\/wp-content\/uploads\/2017\/03\/marja_galleri.jpg"},{"@type":"BreadcrumbList","@id":"https:\/\/vuelie.no\/gallery\/#breadcrumb","itemListElement":[{"@type":"ListItem","position":1,"name":"Home","item":"https:\/\/vuelie.no\/en\/"},{"@type":"ListItem","position":2,"name":"Gallery"}]},{"@type":"WebSite","@id":"https:\/\/vuelie.no\/en\/#website","url":"https:\/\/vuelie.no\/en\/","name":"vuelie","description":"Vuelie\/Frode Fjellheim","potentialAction":[{"@type":"SearchAction","target":{"@type":"EntryPoint","urlTemplate":"https:\/\/vuelie.no\/en\/?s={search_term_string}"},"query-input":{"@type":"PropertyValueSpecification","valueRequired":true,"valueName":"search_term_string"}}],"inLanguage":"en-US"}]}},"_links":{"self":[{"href":"https:\/\/vuelie.no\/en\/wp-json\/wp\/v2\/pages\/3950","targetHints":{"allow":["GET"]}}],"collection":[{"href":"https:\/\/vuelie.no\/en\/wp-json\/wp\/v2\/pages"}],"about":[{"href":"https:\/\/vuelie.no\/en\/wp-json\/wp\/v2\/types\/page"}],"author":[{"embeddable":true,"href":"https:\/\/vuelie.no\/en\/wp-json\/wp\/v2\/users\/1"}],"replies":[{"embeddable":true,"href":"https:\/\/vuelie.no\/en\/wp-json\/wp\/v2\/comments?post=3950"}],"version-history":[{"count":1,"href":"https:\/\/vuelie.no\/en\/wp-json\/wp\/v2\/pages\/3950\/revisions"}],"predecessor-version":[{"id":3951,"href":"https:\/\/vuelie.no\/en\/wp-json\/wp\/v2\/pages\/3950\/revisions\/3951"}],"wp:attachment":[{"href":"https:\/\/vuelie.no\/en\/wp-json\/wp\/v2\/media?parent=3950"}],"curies":[{"name":"wp","href":"https:\/\/api.w.org\/{rel}","templated":true}]}}