{"id":929,"date":"2011-04-27T15:22:47","date_gmt":"2011-04-27T15:22:47","guid":{"rendered":"http:\/\/pxc.tjo.mybluehost.me\/.website_ee8a6215\/?page_id=929"},"modified":"2023-09-20T10:58:39","modified_gmt":"2023-09-20T08:58:39","slug":"barut","status":"publish","type":"page","link":"https:\/\/vuelie.no\/en\/artister\/barut\/","title":{"rendered":"B\u00e1rut"},"content":{"rendered":"<div id=\"fb-root\">&nbsp;<\/div>\n<p><script>(function(d, s, id) {<br \/>\n  var js, fjs = d.getElementsByTagName(s)[0];<br \/>\n  if (d.getElementById(id)) return;<br \/>\n  js = d.createElement(s); js.id = id;<br \/>\n  js.src = \"\/\/connect.facebook.net\/nb_NO\/all.js#xfbml=1\";<br \/>\n  fjs.parentNode.insertBefore(js, fjs);<br \/>\n}(document, 'script', 'facebook-jssdk'));<\/script><\/p>\n<table border=\"0\" width=\"600\" cellspacing=\"2\" cellpadding=\"0\">\n<tbody>\n<tr>\n<td width=\"152\">&nbsp;<\/td>\n<td colspan=\"6\">Diskografi<\/td>\n<\/tr>\n<tr>\n<td><img loading=\"lazy\" decoding=\"async\" class=\"alignnone size-full wp-image-884\" title=\"Barut_artist\" src=\"https:\/\/vuelie.no\/wp-content\/uploads\/2011\/02\/Barut_artist.jpg\" alt=\"\" width=\"152\" height=\"72\"><\/td>\n<td width=\"72\"><a title=\"Ny CD: B\u00e1rut \/ Inga Juuso \u2013 B\u00e1lggis\" href=\"https:\/\/vuelie.no\/?p=571\"><img loading=\"lazy\" decoding=\"async\" class=\"alignnone size-full wp-image-887\" title=\"balggis_lite\" src=\"https:\/\/vuelie.no\/wp-content\/uploads\/2011\/02\/balggis_lite1.jpg\" alt=\"\" width=\"72\" height=\"72\"><\/a><\/td>\n<td width=\"72\"><a href=\"https:\/\/vuelie.no\/nytt-album-barut-min-arbi-our-heritage\/\"><img loading=\"lazy\" decoding=\"async\" class=\"alignleft wp-image-4453 size-full\" src=\"https:\/\/vuelie.no\/wp-content\/uploads\/2023\/09\/barut_72_2023.gif\" alt=\"\" width=\"72\" height=\"72\" srcset=\"https:\/\/vuelie.no\/wp-content\/uploads\/2023\/09\/barut_72_2023.gif 72w, https:\/\/vuelie.no\/wp-content\/uploads\/2023\/09\/barut_72_2023-12x12.gif 12w\" sizes=\"(max-width: 72px) 100vw, 72px\" \/><\/a><\/td>\n<td width=\"72\">&nbsp;<\/td>\n<td width=\"72\">&nbsp;<\/td>\n<td width=\"72\">&nbsp;<\/td>\n<td width=\"72\">&nbsp;<\/td>\n<\/tr>\n<\/tbody>\n<\/table>\n<p><strong>Inga Juuso st\u00e5r i sentrum av bandet B\u00e1rut &#8211; et band som plasserer joiken i nye lydlandskaper. De er inspirert av b\u00e5de blues og urmusikk, og gir den nordiske &laquo;sounden&raquo; en ny dimensjon.<\/strong><\/p>\n<p>B\u00e1rut (samisk og betyr b\u00f8lge), er en trio best\u00e5ende av joikeren Inga Juuso, perkusjonisten Martin Smidt og multiinstrumentalisten og vokalisten Asbj\u00f8rn Berson. Inga er en av v\u00e5re mest fascinerende ut\u00f8vere innen joiketradisjonen. Samtidig er hun s\u00e6rdeles allsidig! Du har kanskje sett henne som skuespiller p\u00e5 TV eller kino i filmen &laquo;Kautokeinooppr\u00f8ret&raquo;, eller p\u00e5 scenen sammen med Steinar Raknes i det fantastiske prosjektet &laquo;Skaidi&raquo;. I B\u00e1rut fronter hun et nytt musikalsk samarbeid der joiken dras inn i b\u00e5de blues-verdenen og i urmusikk fra den andre siden av jorda.<\/p>\n<p>B\u00e1rut startet som en produksjon for Rikskonsertene men utviklet seg til et band som \u00f8nsket \u00e5 gj\u00f8re noe nytt og unikt. Asbj\u00f8rn forener sine ferdigheter i blues-inspirert gitarspill, didjeridu og kreativ lydskaping med sin datamaskin og ender opp med en helt s\u00e6regen lydstemning. Sammen med Martin Smidt, som evner \u00e5 lage suggererende groover p\u00e5 et utradisjonelt tromme- og perkusjonsoppsett, gir de Inga en ramme som kler b\u00e5de henne og joiken p\u00e5 en m\u00e5te du ikke har h\u00f8rt f\u00f8r.<\/p>\n<p><a title=\"B\u00e1rut \u2013 galleri\" href=\"https:\/\/vuelie.no\/?page_id=852\"><img loading=\"lazy\" decoding=\"async\" class=\" wp-image-840 alignnone\" title=\"barut_galleri\" src=\"https:\/\/vuelie.no\/wp-content\/uploads\/2011\/02\/barut_galleri.jpg\" alt=\"\" width=\"925\" height=\"185\" srcset=\"https:\/\/vuelie.no\/wp-content\/uploads\/2011\/02\/barut_galleri.jpg 600w, https:\/\/vuelie.no\/wp-content\/uploads\/2011\/02\/barut_galleri-300x60.jpg 300w\" sizes=\"(max-width: 925px) 100vw, 925px\" \/><\/a><\/p>\n<div class=\"fb-like-box\" data-href=\"http:\/\/www.facebook.com\/pages\/Barut\/170724146304894\" data-width=\"600\" data-show-faces=\"true\" data-stream=\"true\" data-header=\"true\">&nbsp;<\/div>\n\n\n<figure class=\"wp-block-embed is-type-video is-provider-youtube wp-block-embed-youtube wp-embed-aspect-16-9 wp-has-aspect-ratio\"><div class=\"wp-block-embed__wrapper\">\n<iframe loading=\"lazy\" title=\"M\u00e1ttar\u00e1hkku video by B\u00e1rut - Inga Juuso\" width=\"1080\" height=\"608\" src=\"https:\/\/www.youtube.com\/embed\/aBezt1E18_E?feature=oembed\"  allow=\"accelerometer; autoplay; clipboard-write; encrypted-media; gyroscope; picture-in-picture\" allowfullscreen><\/iframe>\n<\/div><\/figure>\n","protected":false},"excerpt":{"rendered":"<p>&nbsp; &nbsp; Diskografi &nbsp; &nbsp; &nbsp; &nbsp; Inga Juuso st\u00e5r i sentrum av bandet B\u00e1rut &#8211; et band som plasserer joiken i nye lydlandskaper. De er inspirert av b\u00e5de blues og urmusikk, og gir den nordiske &laquo;sounden&raquo; en ny dimensjon. B\u00e1rut (samisk og betyr b\u00f8lge), er en trio best\u00e5ende av joikeren Inga Juuso, perkusjonisten Martin [&hellip;]<\/p>\n","protected":false},"author":1,"featured_media":0,"parent":73,"menu_order":0,"comment_status":"closed","ping_status":"closed","template":"","meta":{"_et_pb_use_builder":"","_et_pb_old_content":"","_et_gb_content_width":"","ngg_post_thumbnail":0,"footnotes":""},"class_list":["post-929","page","type-page","status-publish","hentry"],"yoast_head":"<!-- This site is optimized with the Yoast SEO plugin v27.5 - https:\/\/yoast.com\/product\/yoast-seo-wordpress\/ -->\n<title>B\u00e1rut - vuelie<\/title>\n<meta name=\"robots\" content=\"index, follow, max-snippet:-1, max-image-preview:large, max-video-preview:-1\" \/>\n<link rel=\"canonical\" href=\"https:\/\/vuelie.no\/en\/artister\/barut\/\" \/>\n<meta property=\"og:locale\" content=\"en_US\" \/>\n<meta property=\"og:type\" content=\"article\" \/>\n<meta property=\"og:title\" content=\"B\u00e1rut - vuelie\" \/>\n<meta property=\"og:description\" content=\"&nbsp; &nbsp; Diskografi &nbsp; &nbsp; &nbsp; &nbsp; Inga Juuso st\u00e5r i sentrum av bandet B\u00e1rut &#8211; et band som plasserer joiken i nye lydlandskaper. De er inspirert av b\u00e5de blues og urmusikk, og gir den nordiske &laquo;sounden&raquo; en ny dimensjon. B\u00e1rut (samisk og betyr b\u00f8lge), er en trio best\u00e5ende av joikeren Inga Juuso, perkusjonisten Martin [&hellip;]\" \/>\n<meta property=\"og:url\" content=\"https:\/\/vuelie.no\/en\/artister\/barut\/\" \/>\n<meta property=\"og:site_name\" content=\"vuelie\" \/>\n<meta property=\"article:modified_time\" content=\"2023-09-20T08:58:39+00:00\" \/>\n<meta property=\"og:image\" content=\"https:\/\/vuelie.no\/wp-content\/uploads\/2011\/02\/Barut_artist.jpg\" \/>\n\t<meta property=\"og:image:width\" content=\"152\" \/>\n\t<meta property=\"og:image:height\" content=\"72\" \/>\n\t<meta property=\"og:image:type\" content=\"image\/jpeg\" \/>\n<meta name=\"twitter:card\" content=\"summary_large_image\" \/>\n<meta name=\"twitter:label1\" content=\"Est. reading time\" \/>\n\t<meta name=\"twitter:data1\" content=\"1 minute\" \/>\n<script type=\"application\/ld+json\" class=\"yoast-schema-graph\">{\"@context\":\"https:\\\/\\\/schema.org\",\"@graph\":[{\"@type\":\"WebPage\",\"@id\":\"https:\\\/\\\/vuelie.no\\\/artister\\\/barut\\\/\",\"url\":\"https:\\\/\\\/vuelie.no\\\/artister\\\/barut\\\/\",\"name\":\"B\u00e1rut - vuelie\",\"isPartOf\":{\"@id\":\"https:\\\/\\\/vuelie.no\\\/en\\\/#website\"},\"primaryImageOfPage\":{\"@id\":\"https:\\\/\\\/vuelie.no\\\/artister\\\/barut\\\/#primaryimage\"},\"image\":{\"@id\":\"https:\\\/\\\/vuelie.no\\\/artister\\\/barut\\\/#primaryimage\"},\"thumbnailUrl\":\"https:\\\/\\\/vuelie.no\\\/wp-content\\\/uploads\\\/2011\\\/02\\\/Barut_artist.jpg\",\"datePublished\":\"2011-04-27T15:22:47+00:00\",\"dateModified\":\"2023-09-20T08:58:39+00:00\",\"breadcrumb\":{\"@id\":\"https:\\\/\\\/vuelie.no\\\/artister\\\/barut\\\/#breadcrumb\"},\"inLanguage\":\"en-US\",\"potentialAction\":[{\"@type\":\"ReadAction\",\"target\":[\"https:\\\/\\\/vuelie.no\\\/artister\\\/barut\\\/\"]}]},{\"@type\":\"ImageObject\",\"inLanguage\":\"en-US\",\"@id\":\"https:\\\/\\\/vuelie.no\\\/artister\\\/barut\\\/#primaryimage\",\"url\":\"https:\\\/\\\/vuelie.no\\\/wp-content\\\/uploads\\\/2011\\\/02\\\/Barut_artist.jpg\",\"contentUrl\":\"https:\\\/\\\/vuelie.no\\\/wp-content\\\/uploads\\\/2011\\\/02\\\/Barut_artist.jpg\"},{\"@type\":\"BreadcrumbList\",\"@id\":\"https:\\\/\\\/vuelie.no\\\/artister\\\/barut\\\/#breadcrumb\",\"itemListElement\":[{\"@type\":\"ListItem\",\"position\":1,\"name\":\"Home\",\"item\":\"https:\\\/\\\/vuelie.no\\\/en\\\/\"},{\"@type\":\"ListItem\",\"position\":2,\"name\":\"Artister\",\"item\":\"https:\\\/\\\/vuelie.no\\\/artister\\\/\"},{\"@type\":\"ListItem\",\"position\":3,\"name\":\"B\u00e1rut\"}]},{\"@type\":\"WebSite\",\"@id\":\"https:\\\/\\\/vuelie.no\\\/en\\\/#website\",\"url\":\"https:\\\/\\\/vuelie.no\\\/en\\\/\",\"name\":\"vuelie\",\"description\":\"Vuelie\\\/Frode Fjellheim\",\"potentialAction\":[{\"@type\":\"SearchAction\",\"target\":{\"@type\":\"EntryPoint\",\"urlTemplate\":\"https:\\\/\\\/vuelie.no\\\/en\\\/?s={search_term_string}\"},\"query-input\":{\"@type\":\"PropertyValueSpecification\",\"valueRequired\":true,\"valueName\":\"search_term_string\"}}],\"inLanguage\":\"en-US\"}]}<\/script>\n<!-- \/ Yoast SEO plugin. -->","yoast_head_json":{"title":"B\u00e1rut - vuelie","robots":{"index":"index","follow":"follow","max-snippet":"max-snippet:-1","max-image-preview":"max-image-preview:large","max-video-preview":"max-video-preview:-1"},"canonical":"https:\/\/vuelie.no\/en\/artister\/barut\/","og_locale":"en_US","og_type":"article","og_title":"B\u00e1rut - vuelie","og_description":"&nbsp; &nbsp; Diskografi &nbsp; &nbsp; &nbsp; &nbsp; Inga Juuso st\u00e5r i sentrum av bandet B\u00e1rut &#8211; et band som plasserer joiken i nye lydlandskaper. De er inspirert av b\u00e5de blues og urmusikk, og gir den nordiske &laquo;sounden&raquo; en ny dimensjon. B\u00e1rut (samisk og betyr b\u00f8lge), er en trio best\u00e5ende av joikeren Inga Juuso, perkusjonisten Martin [&hellip;]","og_url":"https:\/\/vuelie.no\/en\/artister\/barut\/","og_site_name":"vuelie","article_modified_time":"2023-09-20T08:58:39+00:00","og_image":[{"width":152,"height":72,"url":"https:\/\/vuelie.no\/wp-content\/uploads\/2011\/02\/Barut_artist.jpg","type":"image\/jpeg"}],"twitter_card":"summary_large_image","twitter_misc":{"Est. reading time":"1 minute"},"schema":{"@context":"https:\/\/schema.org","@graph":[{"@type":"WebPage","@id":"https:\/\/vuelie.no\/artister\/barut\/","url":"https:\/\/vuelie.no\/artister\/barut\/","name":"B\u00e1rut - vuelie","isPartOf":{"@id":"https:\/\/vuelie.no\/en\/#website"},"primaryImageOfPage":{"@id":"https:\/\/vuelie.no\/artister\/barut\/#primaryimage"},"image":{"@id":"https:\/\/vuelie.no\/artister\/barut\/#primaryimage"},"thumbnailUrl":"https:\/\/vuelie.no\/wp-content\/uploads\/2011\/02\/Barut_artist.jpg","datePublished":"2011-04-27T15:22:47+00:00","dateModified":"2023-09-20T08:58:39+00:00","breadcrumb":{"@id":"https:\/\/vuelie.no\/artister\/barut\/#breadcrumb"},"inLanguage":"en-US","potentialAction":[{"@type":"ReadAction","target":["https:\/\/vuelie.no\/artister\/barut\/"]}]},{"@type":"ImageObject","inLanguage":"en-US","@id":"https:\/\/vuelie.no\/artister\/barut\/#primaryimage","url":"https:\/\/vuelie.no\/wp-content\/uploads\/2011\/02\/Barut_artist.jpg","contentUrl":"https:\/\/vuelie.no\/wp-content\/uploads\/2011\/02\/Barut_artist.jpg"},{"@type":"BreadcrumbList","@id":"https:\/\/vuelie.no\/artister\/barut\/#breadcrumb","itemListElement":[{"@type":"ListItem","position":1,"name":"Home","item":"https:\/\/vuelie.no\/en\/"},{"@type":"ListItem","position":2,"name":"Artister","item":"https:\/\/vuelie.no\/artister\/"},{"@type":"ListItem","position":3,"name":"B\u00e1rut"}]},{"@type":"WebSite","@id":"https:\/\/vuelie.no\/en\/#website","url":"https:\/\/vuelie.no\/en\/","name":"vuelie","description":"Vuelie\/Frode Fjellheim","potentialAction":[{"@type":"SearchAction","target":{"@type":"EntryPoint","urlTemplate":"https:\/\/vuelie.no\/en\/?s={search_term_string}"},"query-input":{"@type":"PropertyValueSpecification","valueRequired":true,"valueName":"search_term_string"}}],"inLanguage":"en-US"}]}},"_links":{"self":[{"href":"https:\/\/vuelie.no\/en\/wp-json\/wp\/v2\/pages\/929","targetHints":{"allow":["GET"]}}],"collection":[{"href":"https:\/\/vuelie.no\/en\/wp-json\/wp\/v2\/pages"}],"about":[{"href":"https:\/\/vuelie.no\/en\/wp-json\/wp\/v2\/types\/page"}],"author":[{"embeddable":true,"href":"https:\/\/vuelie.no\/en\/wp-json\/wp\/v2\/users\/1"}],"replies":[{"embeddable":true,"href":"https:\/\/vuelie.no\/en\/wp-json\/wp\/v2\/comments?post=929"}],"version-history":[{"count":5,"href":"https:\/\/vuelie.no\/en\/wp-json\/wp\/v2\/pages\/929\/revisions"}],"predecessor-version":[{"id":4456,"href":"https:\/\/vuelie.no\/en\/wp-json\/wp\/v2\/pages\/929\/revisions\/4456"}],"up":[{"embeddable":true,"href":"https:\/\/vuelie.no\/en\/wp-json\/wp\/v2\/pages\/73"}],"wp:attachment":[{"href":"https:\/\/vuelie.no\/en\/wp-json\/wp\/v2\/media?parent=929"}],"curies":[{"name":"wp","href":"https:\/\/api.w.org\/{rel}","templated":true}]}}